{"id":5,"date":"2015-10-21T03:08:42","date_gmt":"2015-10-21T03:08:42","guid":{"rendered":"http:\/\/demo.themeton.com\/nrgagency\/?page_id=5"},"modified":"2024-12-06T09:52:06","modified_gmt":"2024-12-06T08:52:06","slug":"home-page","status":"publish","type":"page","link":"https:\/\/laboratoriumpsyche.pl\/","title":{"rendered":""},"content":{"rendered":"<p>[vc_row one_page_section=&#8221;yes&#8221; one_page_label=&#8221;Strona g\u0142\u00f3wna&#8221; one_page_slug=&#8221;strona-glowna&#8221;][vc_column][vc_column_text]<\/p>\n<h1 style=\"text-align: center;\">LABORATORIUM PSYCHE<\/h1>\n<p>[\/vc_column_text][\/vc_column][\/vc_row][vc_row full_width=&#8221;stretch_row&#8221; one_page_section=&#8221;yes&#8221; one_page_label=&#8221;O nas&#8221; one_page_slug=&#8221;o-nas&#8221; css=&#8221;.vc_custom_1551210678960{margin-bottom: 0px !important;padding-top: 140px !important;padding-bottom: 140px !important;background-color: #f4f4f6 !important;}&#8221;][vc_column width=&#8221;1\/4&#8243;][vc_column_text el_class=&#8221;image-shadow&#8221;]<a href=\"http:\/\/laboratoriumpsyche.pl\/wp-content\/uploads\/2019\/02\/averie-woodard-205419-unsplash.jpg\"><img loading=\"lazy\" class=\"alignnone size-medium wp-image-134\" src=\"http:\/\/laboratoriumpsyche.pl\/wp-content\/uploads\/2019\/02\/averie-woodard-205419-unsplash-200x300.jpg\" alt=\"\" width=\"200\" height=\"300\" srcset=\"https:\/\/laboratoriumpsyche.pl\/wp-content\/uploads\/2019\/02\/averie-woodard-205419-unsplash-200x300.jpg 200w, https:\/\/laboratoriumpsyche.pl\/wp-content\/uploads\/2019\/02\/averie-woodard-205419-unsplash-768x1152.jpg 768w, https:\/\/laboratoriumpsyche.pl\/wp-content\/uploads\/2019\/02\/averie-woodard-205419-unsplash-683x1024.jpg 683w\" sizes=\"(max-width: 200px) 100vw, 200px\" \/><\/a>[\/vc_column_text][\/vc_column][vc_column width=&#8221;1\/2&#8243; css=&#8221;.vc_custom_1433750180980{padding-top: 90px !important;padding-left: 42px !important;}&#8221;][vc_column_text]<\/p>\n<h2 style=\"color: #35373e; font-size: 40px; margin-bottom: 26px;\">O nas<\/h2>\n<p style=\"font-weight: 400;\">Laboratorium Psyche jest wyj\u0105tkowym miejscem, w kt\u00f3rym spotkaj\u0105 si\u0119 Pa\u0144stwo z\u00a0zaufaniem, pe\u0142nym zrozumieniem oraz\u00a0ch\u0119ci\u0105 autentycznej pomocy.<\/p>\n<p style=\"font-weight: 400;\">\u015awiadczymy profesjonaln\u0105 pomoc psychologiczn\u0105 zar\u00f3wno w zaciszu gabinetu, jak i za po\u015brednictwem sesji on-line. Posiadane przez nas do\u015bwiadczenie oraz nasza dba\u0142o\u015b\u0107 o etyk\u0119 i kompetentne przygotowanie sprawiaj\u0105, \u017ce \u015bwiadczone przez nas us\u0142ugi wyr\u00f3\u017cniaj\u0105 si\u0119 komfortem i wysok\u0105 jako\u015bci\u0105.<\/p>\n<p style=\"font-weight: 400;\">Jeste\u015bmy wra\u017cliwe na indywidualne potrzeby naszych Klient\u00f3w.\u00a0W pracy terapeutycznej\u00a0kierujemy si\u0119 zaanga\u017cowaniem, \u017cyczliwo\u015bci\u0105 i zrozumieniem dla problem\u00f3w os\u00f3b z kt\u00f3rymi wsp\u00f3\u0142pracujemy.<\/p>\n<p style=\"font-weight: 400;\">Na spotkania\u00a0\u00a0zapraszamy wszystkich tych kt\u00f3rzy poszukuj\u0105 sposobu radzenia sobie z trudno\u015bciami natury psychicznej oraz seksuologicznej. Dotyczy to kwestii indywidualnych jak i relacji partnerskich oraz ma\u0142\u017ce\u0144stw.<\/p>\n<p>[\/vc_column_text][\/vc_column][\/vc_row][vc_row css=&#8221;.vc_custom_1551379135924{margin-bottom: 0px !important;padding-top: 140px !important;padding-bottom: 90px !important;}&#8221;][vc_column][vc_column_text css=&#8221;.vc_custom_1551378494750{margin-bottom: 0px !important;}&#8221;]<\/p>\n<h2 class=\"block-title a-block-title\" style=\"text-align: center;\">OFERTA<\/h2>\n<p>[\/vc_column_text][\/vc_column][\/vc_row][vc_row one_page_section=&#8221;yes&#8221; one_page_label=&#8221;Oferta&#8221; one_page_slug=&#8221;oferta&#8221;][vc_column][vc_tta_accordion][vc_tta_section title=&#8221;KONSULTACJA PSYCHOLOGICZNA&#8221; tab_id=&#8221;1551377910466-bb8a47a7-a46b&#8221;][vc_column_text]Pomoc psychologiczna obejmuje szeroki wachlarz dzia\u0142a\u0144, kt\u00f3re pomog\u0105 w trudno\u015bciach osoby zg\u0142aszaj\u0105cej si\u0119, jakiego rodzaju zmian\u0119 chcia\u0142by uzyska\u0107 Klient, oraz w jakim zakresie jest to mo\u017cliwe. Psycholog okre\u015bla jaka jest najlepsza forma pomocy w rozwi\u0105zaniu kryzys\u00f3w \u017cyciowych, wsparciu w trudnych sytuacjach czy wspomagania w rozwoju osobistym.[\/vc_column_text][\/vc_tta_section][vc_tta_section title=&#8221;PSYCHOTERAPIA INDYWIDUALNA&#8221; tab_id=&#8221;1551377910495-e186973d-cd05&#8243;][vc_column_text]Terapia indywidualna to cykl spotka\u0144 klienta z terapeut\u0105. Zwykle psychoterapia indywidualna zaczyna \u00a0si\u0119 jednym lub kilkoma spotkaniami wst\u0119pnymi, zwanymi konsultacjami. Po konsultacji lub konsultacjach psychoterapeutycznych, \u00a0zostaje zawarty kontrakt psychoterapeutyczny, kt\u00f3ry okre\u015bla nad czym Klient chce pracowa\u0107, jak cz\u0119sto b\u0119dzie si\u0119 spotyka\u0142\/a z\u00a0terapeut\u0105, jak d\u0142ugo\u00a0b\u0119d\u0105 trwa\u0142y spotkania i\u00a0ile b\u0119d\u0105<br \/>\nkosztowa\u0142y. Zostaje ustalone, jak mo\u017cna odwo\u0142a\u0107 sesj\u0119 oraz \u00a0jak ewentualnie wygl\u0105da przerwanie terapii.[\/vc_column_text][\/vc_tta_section][vc_tta_section title=&#8221;TERAPIA PAR I MA\u0141\u017bE\u0143STW&#8221; tab_id=&#8221;1551378560058-b1cde728-65fd&#8221;][vc_column_text]<span class=\"m_-245637716130738994font\"><span class=\"m_-245637716130738994size\">Zapraszamy tak\u017ce pary prze\u017cywaj\u0105ce trudno\u015bci i\u00a0konflikty, chc\u0105ce lepiej pozna\u0107 i\u00a0zrozumie\u0107 siebie oraz sw\u00f3j zwi\u0105zek. Na\u00a0terapi\u0119 zapraszamy r\u00f3wnie\u017c te pary,\u00a0kt\u00f3re \u017cyj\u0105 w\u00a0przekonaniu, \u017ce\u00a0ju\u017c za\u00a0p\u00f3\u017ano, bo \u201ewypr\u00f3bowali wszystko\u201d.<\/span><\/span><\/p>\n<p><span class=\"m_-245637716130738994font\"><span class=\"m_-245637716130738994size\">Klientem jest ma\u0142\u017ce\u0144stwo lub para, hetero- lub homoseksualna\u00a0\u2013 b\u0119d\u0105ca w\u00a0zwi\u0105zku nieformalnym. Psychoterapeuta pomaga parze zlokalizowa\u0107 \u017ar\u00f3d\u0142o trudno\u015bci i\u00a0prze\u0142ama\u0107 je poprzez zmian\u0119 wzajemnych postaw, sposob\u00f3w porozumiewania si\u0119, ukazanie wzajemnie dysfunkcjonalnych sposob\u00f3w zachowania si\u0119, prowadz\u0105cych cz\u0119sto do\u00a0konflikt\u00f3w i\u00a0impasu w\u00a0zwi\u0105zku.<\/span><\/span><\/p>\n<p><span class=\"m_-245637716130738994font\"><span class=\"m_-245637716130738994size\">Terapia par umo\u017cliwia partnerom konstruktywne rozwi\u0105zanie problem\u00f3w, popraw\u0119 jako\u015bci wzajemnych relacji, znalezienia porozumienia, wyj\u015bcie z\u00a0kryzysu.<\/span><\/span>[\/vc_column_text][\/vc_tta_section][vc_tta_section title=&#8221;TERAPIA RODZIN&#8221; tab_id=&#8221;1551378564393-5c4170f3-e606&#8243;][vc_column_text]<span class=\"m_-245637716130738994font\"><span class=\"m_-245637716130738994size\">Terapia rodzin to\u00a0forma terapii psychologicznej, w\u00a0kt\u00f3rej bior\u0105 udzia\u0142 cz\u0142onkowie ca\u0142ej rodziny. Rodzina tworzy system, w\u00a0kt\u00f3rym poszczeg\u00f3lni cz\u0142onkowie pozostaj\u0105 ze\u00a0sob\u0105 we\u00a0wzajemnych zale\u017cno\u015bciach, relacjach i\u00a0wzajemnie na\u00a0siebie oddzia\u0142uj\u0105. Kiedy jeden z\u00a0domownik\u00f3w ma problemy, odbijaj\u0105 si\u0119 one negatywnie na\u00a0jego najbli\u017cszych, a\u00a0to z\u00a0kolei przyczynia si\u0119 do\u00a0powstawania konflikt\u00f3w i nieporozumie\u0144.<\/span><\/span><\/p>\n<p><span class=\"m_-245637716130738994font\"><span class=\"m_-245637716130738994size\">Zdarzaj\u0105 si\u0119 jednak sytuacje, w\u00a0kt\u00f3rych na\u00a0kolejn\u0105 sesj\u0119 zaproszona zostaje tylko\u00a0cz\u0119\u015b\u0107 rodziny np.\u00a0same dzieci, matka z\u00a0c\u00f3rk\u0105, sami rodzice itp. Jest to zale\u017cne\u00a0to od\u00a0charakteru problem\u00f3w w\u00a0rodzinie i\u00a0jest wcze\u015bniej uzgadniane z\u00a0poszczeg\u00f3lnymi osobami. Niekiedy osoby wymagaj\u0105 indywidualnej pomocy psychologicznej kt\u00f3r\u0105 oferujemy lub te\u017c kierujemy do innych o\u015brodk\u00f3w.<\/span><\/span><\/p>\n<p><span class=\"m_-245637716130738994font\"><span class=\"m_-245637716130738994size\">Celem terapii rodzin jest pomoc w\u00a0osi\u0105ganiu zmian, droga do zrozumienia wzajemnych potrzeb kt\u00f3rych\u00a0rodzina pragnie. Mo\u017ce to by\u0107 pomoc w rozwi\u0105zaniu konflikt\u00f3w i\u00a0problem\u00f3w w\u00a0rodzinie, odbudowa wi\u0119zi mi\u0119dzy jej cz\u0142onkami. Praca polega ona na\u00a0wsp\u00f3lnym poszukiwaniu \u017ar\u00f3de\u0142 konfliktu oraz\u00a0sposob\u00f3w na\u00a0jego pokonanie. S\u0142u\u017c\u0105 temu systematyczne, cykliczne spotkania z\u00a0terapeutami lub terapeut\u0105.<\/span><\/span>[\/vc_column_text][\/vc_tta_section][vc_tta_section title=&#8221;TERAPIA ONLINE&#8221; tab_id=&#8221;1551378568288-bf9c3391-ae67&#8243;][vc_column_text]<span style=\"font-weight: 400;\">Pomoc psychologiczn\u0105 on-line stworzyli\u015bmy, aby u\u0142atwi\u0107 Pa\u0144stwu konsultacj\u0119 w przypadku, gdy nie maj\u0105 Pa\u0144stwo mo\u017cliwo\u015bci spotkania si\u0119 z psychologiem lub psychoterapeut\u0105 osobi\u015bcie lub wol\u0105 Pa\u0144stwo pozosta\u0107 anonimowi. Je\u015bli maj\u0105 Pa\u0144stwo problemy z dojazdem, mieszkaj\u0105 Pa\u0144stwo zagranic\u0105, lub po prostu brakuje Pa\u0144stwu czasu na spotkania zapraszamy do skorzystania z pomocy online.<\/span>[\/vc_column_text][\/vc_tta_section][vc_tta_section title=&#8221;POMOC SEKSUOLOGICZNA&#8221; tab_id=&#8221;1551378569198-3502efe2-8aef&#8221;][vc_column_text]<span class=\"m_-245637716130738994font\"><span class=\"m_-245637716130738994size\">Sfera seksualna jest nieod\u0142\u0105cznym elementem \u017cycia cz\u0142owieka, dlatego, kiedy pojawiaj\u0105 si\u0119 problemy w tej sferze, mog\u0105 one przynie\u015b\u0107 wiele cierpienia. Oferujemy Pa\u0144stwu pomoc seksuologiczn\u0105 w postaci konsultacji lub terapii. Zajmujemy si\u0119 prac\u0105 w nast\u0119puj\u0105cych trudno\u015bciach \u017cycia seksualnego:<\/span>\u00a0<\/span><\/p>\n<ul>\n<li><span class=\"m_-245637716130738994font\"><span class=\"m_-245637716130738994size\">cierpienie w\u00a0zwi\u0105zku z\u00a0do\u015bwiadczeniem przemocy\/molestowania seksualnego,<\/span><\/span><\/li>\n<li><span class=\"m_-245637716130738994font\"><span class=\"m_-245637716130738994size\">problematyczne zachowania seksualne dzieci i\u00a0m\u0142odzie\u017cy,<\/span><\/span><\/li>\n<li><span class=\"m_-245637716130738994font\"><span class=\"m_-245637716130738994size\">podejrzenie, i\u017c dziecko do\u015bwiadczy\u0142o lub do\u015bwiadcza wykorzystania seksualnego,<\/span><\/span><\/li>\n<li><span class=\"m_-245637716130738994font\"><span class=\"m_-245637716130738994size\">trudno\u015bci w osi\u0105ganiu orgazmu,<\/span><\/span><\/li>\n<li><span class=\"m_-245637716130738994font\"><span class=\"m_-245637716130738994size\">braku potrzeb seksualnych lub odczuwania l\u0119ku\/ niech\u0119ci przed wsp\u00f3\u0142\u017cyciem,<\/span><\/span><\/li>\n<li><span class=\"m_-245637716130738994font\"><span class=\"m_-245637716130738994size\">odczuwania b\u00f3lu podczas stosunku,<\/span><\/span><\/li>\n<li><span class=\"m_-245637716130738994font\"><span class=\"m_-245637716130738994size\">zaburze\u0144 erekcji,<\/span><\/span><\/li>\n<li><span class=\"m_-245637716130738994font\"><span class=\"m_-245637716130738994size\">nadmiernego pop\u0119du seksualnego,<\/span><\/span><\/li>\n<li><span class=\"m_-245637716130738994font\"><span class=\"m_-245637716130738994size\">nietypowego kierunku potrzeb seksualnych (parafilie),<\/span><\/span><\/li>\n<li><span class=\"m_-245637716130738994font\"><span class=\"m_-245637716130738994size\">wsparcia dla os\u00f3b nieheteroseksualnych i ich rodzin,<\/span><\/span><\/li>\n<li><span class=\"m_-245637716130738994font\"><span class=\"m_-245637716130738994size\">wsparcia dla os\u00f3b transp\u0142ciowych, interseksualnych i ich rodzin,<\/span><\/span><\/li>\n<li><span class=\"m_-245637716130738994font\"><span class=\"m_-245637716130738994size\">konsultacji dotycz\u0105cych rozwoju psychoseksualnego dzieci i m\u0142odzie\u017cy,<\/span><\/span><\/li>\n<li><span class=\"m_-245637716130738994font\"><span class=\"m_-245637716130738994size\">konsultacji dotycz\u0105cych rozwoju psychoseksualnego os\u00f3b z niepe\u0142nosprawno\u015bci\u0105 intelektualn\u0105,<\/span><\/span><\/li>\n<li><span class=\"m_-245637716130738994font\"><span class=\"m_-245637716130738994size\">niezrozumienie w\u0142asnych potrzeb seksualnych,<\/span><\/span><\/li>\n<li><span class=\"m_-245637716130738994font\"><span class=\"m_-245637716130738994size\">l\u0119k przed rozpocz\u0119ciem wsp\u00f3\u0142\u017cyciem,<\/span><\/span><\/li>\n<\/ul>\n<p>[\/vc_column_text][\/vc_tta_section][\/vc_tta_accordion][\/vc_column][\/vc_row][vc_row one_page_section=&#8221;yes&#8221; one_page_label=&#8221;Nasz zesp\u00f3\u0142&#8221; one_page_slug=&#8221;nasz-zespol&#8221; css=&#8221;.vc_custom_1551210718988{margin-bottom: 0px !important;padding-top: 140px !important;padding-bottom: 90px !important;}&#8221;][vc_column][vc_column_text css=&#8221;.vc_custom_1549800050826{margin-bottom: 0px !important;}&#8221;]<\/p>\n<h2 class=\"block-title a-block-title\" style=\"text-align: center;\">POZNAJ NASZ ZESP\u00d3\u0141<\/h2>\n<p>[\/vc_column_text][\/vc_column][\/vc_row][vc_row css=&#8221;.vc_custom_1434530875431{background-color: #ffffff !important;}&#8221;][vc_column horizontal_align=&#8221;center&#8221;][tt_portfolio title=&#8221;&#8221; column=&#8221;2&#8243; count=&#8221;2&#8243; more_text=&#8221;&#8221;][vc_column_text]<\/p>\n<p style=\"text-align: center;\">(kliknij w zdj\u0119cie, by dowiedzie\u0107 si\u0119 wi\u0119cej)<\/p>\n<p>[\/vc_column_text][\/vc_column][\/vc_row][vc_row one_page_section=&#8221;yes&#8221; one_page_label=&#8221;Cennik&#8221; one_page_slug=&#8221;cennik&#8221; css=&#8221;.vc_custom_1551379154514{padding-top: 140px !important;padding-bottom: 70px !important;}&#8221;][vc_column][vc_column_text]<\/p>\n<h2 class=\"block-title a-block-title\" style=\"text-align: center;\">CENNIK<\/h2>\n<p>[\/vc_column_text][\/vc_column][\/vc_row][vc_row][vc_column][vc_column_text]\n<table id=\"tablepress-1\" class=\"tablepress tablepress-id-1\">\n<thead>\n<tr class=\"row-1 odd\">\n\t<th class=\"column-1\">Rodzaj pomocy<\/th><th class=\"column-2\">Czas trwania<\/th><th class=\"column-3\">Cena<\/th>\n<\/tr>\n<\/thead>\n<tbody class=\"row-hover\">\n<tr class=\"row-2 even\">\n\t<td class=\"column-1\">Konsultacja psychologiczna<\/td><td class=\"column-2\">50 minut<\/td><td class=\"column-3\">210 z\u0142<\/td>\n<\/tr>\n<tr class=\"row-3 odd\">\n\t<td class=\"column-1\">Sesja terapii indywidualnej<\/td><td class=\"column-2\">50 minut<\/td><td class=\"column-3\">210 z\u0142<\/td>\n<\/tr>\n<tr class=\"row-4 even\">\n\t<td class=\"column-1\">Konsultacja dla pary<\/td><td class=\"column-2\">50 minut<\/td><td class=\"column-3\">280 z\u0142<\/td>\n<\/tr>\n<tr class=\"row-5 odd\">\n\t<td class=\"column-1\">Sesja terapii dla pary<\/td><td class=\"column-2\">50 minut<\/td><td class=\"column-3\">280 z\u0142<\/td>\n<\/tr>\n<tr class=\"row-6 even\">\n\t<td class=\"column-1\">Warsztaty\/szkolenia<\/td><td class=\"column-2\">wg oferty<\/td><td class=\"column-3\">wg oferty<\/td>\n<\/tr>\n<tr class=\"row-7 odd\">\n\t<td class=\"column-1\">Sesja terapii indywidualnej w domu klienta<\/td><td class=\"column-2\">50 minut<\/td><td class=\"column-3\">300 z\u0142<\/td>\n<\/tr>\n<\/tbody>\n<\/table>\n<!-- #tablepress-1 from cache -->[\/vc_column_text][\/vc_column][\/vc_row][vc_row one_page_section=&#8221;yes&#8221; one_page_label=&#8221;Kontakt&#8221; one_page_slug=&#8221;kontakt&#8221; css=&#8221;.vc_custom_1551210733368{padding-top: 140px !important;padding-bottom: 70px !important;}&#8221;][vc_column][vc_column_text]<\/p>\n<h2 class=\"block-title a-block-title\" style=\"text-align: center;\">SKONTAKTUJ SI\u0118 Z NAMI<\/h2>\n<p>[\/vc_column_text][\/vc_column][\/vc_row][vc_row css=&#8221;.vc_custom_1434353358071{margin-bottom: 0px !important;padding-bottom: 90px !important;}&#8221;][vc_column width=&#8221;1\/3&#8243;][vc_column_text]<\/p>\n<h5 style=\"font-size: 13px; margin-bottom: 25px; color: #333;\">ADRES<\/h5>\n<div class=\"place-desc-large\">\n<div class=\"address\">ul. Zygmunta Augusta 11, pok. 308 (III pi\u0119tro), domofon A<\/div>\n<div class=\"address\">81-364 Gdynia<\/div>\n<\/div>\n<h5 style=\"font-size: 13px; margin-bottom: 25px; margin-top: 50px; color: #333;\">TELEFON<\/h5>\n<p>Anna Maria Podsiad\u0142y +48 513 600 847<\/p>\n<p>Ewa Ciesielska\u00a0 +48 513 600 842<\/p>\n<h5 style=\"font-size: 13px; margin-bottom: 25px; margin-top: 50px; color: #333;\">EMAIL<\/h5>\n<p><a class=\"mail-us\" href=\"mailto:kontakt@laboratoriumpsyche.pl\">kontakt@laboratoriumpsyche.pl<\/a>[\/vc_column_text][\/vc_column][vc_column width=&#8221;2\/3&#8243;][vc_gmaps link=&#8221;#E-8_JTNDaWZyYW1lJTIwc3R5bGUlM0QlMjJib3JkZXIlM0ElMjAwJTNCJTIyJTIwc3JjJTNEJTIyaHR0cHMlM0ElMkYlMkZ3d3cuZ29vZ2xlLmNvbSUyRm1hcHMlMkZlbWJlZCUzRnBiJTNEJTIxMW0xOCUyMTFtMTIlMjExbTMlMjExZDIzMTUuNzYzMjE0ODc0ODI1NyUyMTJkMTguNTM4MjQ4ODE2MDA3NDUlMjEzZDU0LjUyMDAzNzE5Mzg0OTclMjEybTMlMjExZjAlMjEyZjAlMjEzZjAlMjEzbTIlMjExaTEwMjQlMjEyaTc2OCUyMTRmMTMuMSUyMTNtMyUyMTFtMiUyMTFzMHg0NmZkYTcyNGRjNmVjZDQ5JTI1M0EweGM4ZmIxNzg2N2JjN2VhNDQlMjEyc1p5Z211bnRhJTJCQXVndXN0YSUyQjExJTI1MkMlMkJHZHluaWElMjE1ZTAlMjEzbTIlMjExc3BsJTIxMnNwbCUyMTR2MTUyNDk0MDk0NjYyMyUyMiUyMHdpZHRoJTNEJTIyNjAwJTIyJTIwaGVpZ2h0JTNEJTIyNDUwJTIyJTIwZnJhbWVib3JkZXIlM0QlMjIwJTIyJTIwYWxsb3dmdWxsc2NyZWVuJTNEJTIyYWxsb3dmdWxsc2NyZWVuJTIyJTNFJTNDJTJGaWZyYW1lJTNF&#8221;][\/vc_column][\/vc_row]<\/p>\n","protected":false},"excerpt":{"rendered":"<p>[vc_row one_page_section=&#8221;yes&#8221; one_page_label=&#8221;Strona g\u0142\u00f3wna&#8221; one_page_slug=&#8221;strona-glowna&#8221;][vc_column][vc_column_text]<\/p>\n<p>LABORATORIUM PSYCHE<\/p>\n<p>[\/vc_column_text][\/vc_column][\/vc_row][vc_row full_width=&#8221;stretch_row&#8221; one_page_section=&#8221;yes&#8221; one_page_label=&#8221;O nas&#8221; one_page_slug=&#8221;o-nas&#8221; css=&#8221;.vc_custom_1551210678960{margin-bottom: 0px !important;padding-top: 140px !important;padding-bottom: 140px !important;background-color: #f4f4f6 !important;}&#8221;][vc_column width=&#8221;1\/4&#8243;][vc_column_text el_class=&#8221;image-shadow&#8221;][\/vc_column_text][\/vc_column][vc_column width=&#8221;1\/2&#8243; css=&#8221;.vc_custom_1433750180980{padding-top: 90px !important;padding-left: 42px !important;}&#8221;][vc_column_text]<\/p>\n<p>O nas<\/p>\n<p style=\"font-weight: 400;\">Laboratorium Psyche jest wyj\u0105tkowym miejscem, w kt\u00f3rym spotkaj\u0105 si\u0119 Pa\u0144stwo z\u00a0zaufaniem, pe\u0142nym zrozumieniem oraz\u00a0ch\u0119ci\u0105 autentycznej pomocy.<\/p>\n<p style=\"font-weight: 400;\">\u015awiadczymy profesjonaln\u0105 pomoc psychologiczn\u0105 zar\u00f3wno w zaciszu gabinetu, jak i za po\u015brednictwem sesji on-line. Posiadane przez nas do\u015bwiadczenie oraz nasza dba\u0142o\u015b\u0107 o etyk\u0119 i kompetentne przygotowanie sprawiaj\u0105, \u017ce \u015bwiadczone przez nas us\u0142ugi wyr\u00f3\u017cniaj\u0105 [&#8230;]<\/p>\n","protected":false},"author":1,"featured_media":0,"parent":0,"menu_order":0,"comment_status":"closed","ping_status":"closed","template":"","meta":[],"_links":{"self":[{"href":"https:\/\/laboratoriumpsyche.pl\/index.php?rest_route=\/wp\/v2\/pages\/5"}],"collection":[{"href":"https:\/\/laboratoriumpsyche.pl\/index.php?rest_route=\/wp\/v2\/pages"}],"about":[{"href":"https:\/\/laboratoriumpsyche.pl\/index.php?rest_route=\/wp\/v2\/types\/page"}],"author":[{"embeddable":true,"href":"https:\/\/laboratoriumpsyche.pl\/index.php?rest_route=\/wp\/v2\/users\/1"}],"replies":[{"embeddable":true,"href":"https:\/\/laboratoriumpsyche.pl\/index.php?rest_route=%2Fwp%2Fv2%2Fcomments&post=5"}],"version-history":[{"count":79,"href":"https:\/\/laboratoriumpsyche.pl\/index.php?rest_route=\/wp\/v2\/pages\/5\/revisions"}],"predecessor-version":[{"id":281,"href":"https:\/\/laboratoriumpsyche.pl\/index.php?rest_route=\/wp\/v2\/pages\/5\/revisions\/281"}],"wp:attachment":[{"href":"https:\/\/laboratoriumpsyche.pl\/index.php?rest_route=%2Fwp%2Fv2%2Fmedia&parent=5"}],"curies":[{"name":"wp","href":"https:\/\/api.w.org\/{rel}","templated":true}]}}